{"id":7074,"date":"2026-02-09T00:41:20","date_gmt":"2026-02-08T23:41:20","guid":{"rendered":"https:\/\/www.runnek.it\/shop\/p\/senza-categoria\/calzini-tecnico-runnek\/"},"modified":"2026-04-29T07:01:56","modified_gmt":"2026-04-29T05:01:56","slug":"calzini-tecnico-runnek","status":"publish","type":"product","link":"https:\/\/www.runnek.it\/shop\/p\/accessori-running\/calzini-tecnico-runnek\/","title":{"rendered":"Calzini tecnico runnek x-force"},"content":{"rendered":"<p>Progettati per migliorare le prestazioni durante la corsa, sono il complemento perfetto per gli sportivi pi\u00f9 esigenti. Grazie alla loro realizzazione in tessuti tecnici innovativi e di qualit\u00e0, garantiscono la massima traspirabilit\u00e0, leggerezza e morbidezza.<\/p>\n","protected":false},"excerpt":{"rendered":"<ul>\n<li>100% poliestere Drysens \u2013 Mesh Fabric Coolmax, che garantiscono comfort e traspirabilit\u00e0<\/li>\n<li>Rinforzo sulla punta e sul tallone che riduce l&#8217;impatto dell&#8217;appoggio<\/li>\n<li>Doppio elastico alla caviglia per una perfetta tenuta e aderenza al piede<\/li>\n<li>Design che previene gli sfregamenti<\/li>\n<li>Resistenti e facili da pulire<\/li>\n<\/ul>\n","protected":false},"featured_media":7198,"comment_status":"open","ping_status":"closed","template":"","meta":{"_acf_changed":false},"product_brand":[],"product_cat":[36],"product_tag":[],"class_list":{"0":"post-7074","1":"product","2":"type-product","3":"status-publish","4":"has-post-thumbnail","6":"product_cat-accessori-running","8":"first","9":"instock","10":"taxable","11":"shipping-taxable","12":"purchasable","13":"product-type-variable","14":"wvs-archive-product-wrapper"},"acf":[],"yoast_head":"<!-- This site is optimized with the Yoast SEO plugin v27.3 - https:\/\/yoast.com\/product\/yoast-seo-wordpress\/ -->\n<title>Calzini tecnico runnek x-force - Shop Runnek<\/title>\n<meta name=\"robots\" content=\"index, follow, max-snippet:-1, max-image-preview:large, max-video-preview:-1\" \/>\n<link rel=\"canonical\" href=\"https:\/\/www.runnek.it\/shop\/p\/accessori-running\/calzini-tecnico-runnek\/\" \/>\n<meta property=\"og:locale\" content=\"it_IT\" \/>\n<meta property=\"og:type\" content=\"article\" \/>\n<meta property=\"og:title\" content=\"Calzini tecnico runnek x-force - Shop Runnek\" \/>\n<meta property=\"og:description\" content=\"100% poliestere Drysens \u2013 Mesh Fabric Coolmax, che garantiscono comfort e traspirabilit\u00e0  Rinforzo sulla punta e sul tallone che riduce l&#039;impatto dell&#039;appoggio  Doppio elastico alla caviglia per una perfetta tenuta e aderenza al piede  Design che previene gli sfregamenti  Resistenti e facili da pulire\" \/>\n<meta property=\"og:url\" content=\"https:\/\/www.runnek.it\/shop\/p\/accessori-running\/calzini-tecnico-runnek\/\" \/>\n<meta property=\"og:site_name\" content=\"Shop Runnek\" \/>\n<meta property=\"article:publisher\" content=\"https:\/\/www.facebook.com\/runnekitalia\/\" \/>\n<meta property=\"article:modified_time\" content=\"2026-04-29T05:01:56+00:00\" \/>\n<meta property=\"og:image\" content=\"https:\/\/www.runnek.it\/shop\/wp-content\/uploads\/2026\/02\/Calcetines-Runnek-X-FORCE-web-1.webp\" \/>\n\t<meta property=\"og:image:width\" content=\"800\" \/>\n\t<meta property=\"og:image:height\" content=\"800\" \/>\n\t<meta property=\"og:image:type\" content=\"image\/webp\" \/>\n<meta name=\"twitter:card\" content=\"summary_large_image\" \/>\n<meta name=\"twitter:site\" content=\"@RunnekItalia\" \/>\n<meta name=\"twitter:label1\" content=\"Tempo di lettura stimato\" \/>\n\t<meta name=\"twitter:data1\" content=\"1 minuto\" \/>\n<script type=\"application\/ld+json\" class=\"yoast-schema-graph\">{\"@context\":\"https:\\\/\\\/schema.org\",\"@graph\":[{\"@type\":\"WebPage\",\"@id\":\"https:\\\/\\\/www.runnek.it\\\/shop\\\/p\\\/accessori-running\\\/calzini-tecnico-runnek\\\/\",\"url\":\"https:\\\/\\\/www.runnek.it\\\/shop\\\/p\\\/accessori-running\\\/calzini-tecnico-runnek\\\/\",\"name\":\"Calzini tecnico runnek x-force - Shop Runnek\",\"isPartOf\":{\"@id\":\"https:\\\/\\\/www.runnek.it\\\/shop\\\/#website\"},\"primaryImageOfPage\":{\"@id\":\"https:\\\/\\\/www.runnek.it\\\/shop\\\/p\\\/accessori-running\\\/calzini-tecnico-runnek\\\/#primaryimage\"},\"image\":{\"@id\":\"https:\\\/\\\/www.runnek.it\\\/shop\\\/p\\\/accessori-running\\\/calzini-tecnico-runnek\\\/#primaryimage\"},\"thumbnailUrl\":\"https:\\\/\\\/www.runnek.it\\\/shop\\\/wp-content\\\/uploads\\\/2026\\\/02\\\/Calcetines-Runnek-X-FORCE-web-1.webp\",\"datePublished\":\"2026-02-08T23:41:20+00:00\",\"dateModified\":\"2026-04-29T05:01:56+00:00\",\"breadcrumb\":{\"@id\":\"https:\\\/\\\/www.runnek.it\\\/shop\\\/p\\\/accessori-running\\\/calzini-tecnico-runnek\\\/#breadcrumb\"},\"inLanguage\":\"it-IT\",\"potentialAction\":[{\"@type\":\"ReadAction\",\"target\":[\"https:\\\/\\\/www.runnek.it\\\/shop\\\/p\\\/accessori-running\\\/calzini-tecnico-runnek\\\/\"]}]},{\"@type\":\"ImageObject\",\"inLanguage\":\"it-IT\",\"@id\":\"https:\\\/\\\/www.runnek.it\\\/shop\\\/p\\\/accessori-running\\\/calzini-tecnico-runnek\\\/#primaryimage\",\"url\":\"https:\\\/\\\/www.runnek.it\\\/shop\\\/wp-content\\\/uploads\\\/2026\\\/02\\\/Calcetines-Runnek-X-FORCE-web-1.webp\",\"contentUrl\":\"https:\\\/\\\/www.runnek.it\\\/shop\\\/wp-content\\\/uploads\\\/2026\\\/02\\\/Calcetines-Runnek-X-FORCE-web-1.webp\",\"width\":800,\"height\":800},{\"@type\":\"BreadcrumbList\",\"@id\":\"https:\\\/\\\/www.runnek.it\\\/shop\\\/p\\\/accessori-running\\\/calzini-tecnico-runnek\\\/#breadcrumb\",\"itemListElement\":[{\"@type\":\"ListItem\",\"position\":1,\"name\":\"Home\",\"item\":\"https:\\\/\\\/www.runnek.it\\\/shop\\\/\"},{\"@type\":\"ListItem\",\"position\":2,\"name\":\"Shop\",\"item\":\"https:\\\/\\\/www.runnek.it\\\/shop\\\/negozio\\\/\"},{\"@type\":\"ListItem\",\"position\":3,\"name\":\"Calzini tecnico runnek x-force\"}]},{\"@type\":\"WebSite\",\"@id\":\"https:\\\/\\\/www.runnek.it\\\/shop\\\/#website\",\"url\":\"https:\\\/\\\/www.runnek.it\\\/shop\\\/\",\"name\":\"Shop Runnek\",\"description\":\"\",\"publisher\":{\"@id\":\"https:\\\/\\\/www.runnek.it\\\/shop\\\/#organization\"},\"potentialAction\":[{\"@type\":\"SearchAction\",\"target\":{\"@type\":\"EntryPoint\",\"urlTemplate\":\"https:\\\/\\\/www.runnek.it\\\/shop\\\/?s={search_term_string}\"},\"query-input\":{\"@type\":\"PropertyValueSpecification\",\"valueRequired\":true,\"valueName\":\"search_term_string\"}}],\"inLanguage\":\"it-IT\"},{\"@type\":\"Organization\",\"@id\":\"https:\\\/\\\/www.runnek.it\\\/shop\\\/#organization\",\"name\":\"Shop Runnek\",\"url\":\"https:\\\/\\\/www.runnek.it\\\/shop\\\/\",\"logo\":{\"@type\":\"ImageObject\",\"inLanguage\":\"it-IT\",\"@id\":\"https:\\\/\\\/www.runnek.it\\\/shop\\\/#\\\/schema\\\/logo\\\/image\\\/\",\"url\":\"https:\\\/\\\/www.runnek.it\\\/shop\\\/wp-content\\\/uploads\\\/2020\\\/11\\\/logo-runnek.png\",\"contentUrl\":\"https:\\\/\\\/www.runnek.it\\\/shop\\\/wp-content\\\/uploads\\\/2020\\\/11\\\/logo-runnek.png\",\"width\":680,\"height\":252,\"caption\":\"Shop Runnek\"},\"image\":{\"@id\":\"https:\\\/\\\/www.runnek.it\\\/shop\\\/#\\\/schema\\\/logo\\\/image\\\/\"},\"sameAs\":[\"https:\\\/\\\/www.facebook.com\\\/runnekitalia\\\/\",\"https:\\\/\\\/x.com\\\/RunnekItalia\",\"https:\\\/\\\/instagram.com\\\/runnek\",\"https:\\\/\\\/www.youtube.com\\\/user\\\/magliarunningIT\"]}]}<\/script>\n<!-- \/ Yoast SEO plugin. -->","yoast_head_json":{"title":"Calzini tecnico runnek x-force - Shop Runnek","robots":{"index":"index","follow":"follow","max-snippet":"max-snippet:-1","max-image-preview":"max-image-preview:large","max-video-preview":"max-video-preview:-1"},"canonical":"https:\/\/www.runnek.it\/shop\/p\/accessori-running\/calzini-tecnico-runnek\/","og_locale":"it_IT","og_type":"article","og_title":"Calzini tecnico runnek x-force - Shop Runnek","og_description":"100% poliestere Drysens \u2013 Mesh Fabric Coolmax, che garantiscono comfort e traspirabilit\u00e0  Rinforzo sulla punta e sul tallone che riduce l'impatto dell'appoggio  Doppio elastico alla caviglia per una perfetta tenuta e aderenza al piede  Design che previene gli sfregamenti  Resistenti e facili da pulire","og_url":"https:\/\/www.runnek.it\/shop\/p\/accessori-running\/calzini-tecnico-runnek\/","og_site_name":"Shop Runnek","article_publisher":"https:\/\/www.facebook.com\/runnekitalia\/","article_modified_time":"2026-04-29T05:01:56+00:00","og_image":[{"width":800,"height":800,"url":"https:\/\/www.runnek.it\/shop\/wp-content\/uploads\/2026\/02\/Calcetines-Runnek-X-FORCE-web-1.webp","type":"image\/webp"}],"twitter_card":"summary_large_image","twitter_site":"@RunnekItalia","twitter_misc":{"Tempo di lettura stimato":"1 minuto"},"schema":{"@context":"https:\/\/schema.org","@graph":[{"@type":"WebPage","@id":"https:\/\/www.runnek.it\/shop\/p\/accessori-running\/calzini-tecnico-runnek\/","url":"https:\/\/www.runnek.it\/shop\/p\/accessori-running\/calzini-tecnico-runnek\/","name":"Calzini tecnico runnek x-force - Shop Runnek","isPartOf":{"@id":"https:\/\/www.runnek.it\/shop\/#website"},"primaryImageOfPage":{"@id":"https:\/\/www.runnek.it\/shop\/p\/accessori-running\/calzini-tecnico-runnek\/#primaryimage"},"image":{"@id":"https:\/\/www.runnek.it\/shop\/p\/accessori-running\/calzini-tecnico-runnek\/#primaryimage"},"thumbnailUrl":"https:\/\/www.runnek.it\/shop\/wp-content\/uploads\/2026\/02\/Calcetines-Runnek-X-FORCE-web-1.webp","datePublished":"2026-02-08T23:41:20+00:00","dateModified":"2026-04-29T05:01:56+00:00","breadcrumb":{"@id":"https:\/\/www.runnek.it\/shop\/p\/accessori-running\/calzini-tecnico-runnek\/#breadcrumb"},"inLanguage":"it-IT","potentialAction":[{"@type":"ReadAction","target":["https:\/\/www.runnek.it\/shop\/p\/accessori-running\/calzini-tecnico-runnek\/"]}]},{"@type":"ImageObject","inLanguage":"it-IT","@id":"https:\/\/www.runnek.it\/shop\/p\/accessori-running\/calzini-tecnico-runnek\/#primaryimage","url":"https:\/\/www.runnek.it\/shop\/wp-content\/uploads\/2026\/02\/Calcetines-Runnek-X-FORCE-web-1.webp","contentUrl":"https:\/\/www.runnek.it\/shop\/wp-content\/uploads\/2026\/02\/Calcetines-Runnek-X-FORCE-web-1.webp","width":800,"height":800},{"@type":"BreadcrumbList","@id":"https:\/\/www.runnek.it\/shop\/p\/accessori-running\/calzini-tecnico-runnek\/#breadcrumb","itemListElement":[{"@type":"ListItem","position":1,"name":"Home","item":"https:\/\/www.runnek.it\/shop\/"},{"@type":"ListItem","position":2,"name":"Shop","item":"https:\/\/www.runnek.it\/shop\/negozio\/"},{"@type":"ListItem","position":3,"name":"Calzini tecnico runnek x-force"}]},{"@type":"WebSite","@id":"https:\/\/www.runnek.it\/shop\/#website","url":"https:\/\/www.runnek.it\/shop\/","name":"Shop Runnek","description":"","publisher":{"@id":"https:\/\/www.runnek.it\/shop\/#organization"},"potentialAction":[{"@type":"SearchAction","target":{"@type":"EntryPoint","urlTemplate":"https:\/\/www.runnek.it\/shop\/?s={search_term_string}"},"query-input":{"@type":"PropertyValueSpecification","valueRequired":true,"valueName":"search_term_string"}}],"inLanguage":"it-IT"},{"@type":"Organization","@id":"https:\/\/www.runnek.it\/shop\/#organization","name":"Shop Runnek","url":"https:\/\/www.runnek.it\/shop\/","logo":{"@type":"ImageObject","inLanguage":"it-IT","@id":"https:\/\/www.runnek.it\/shop\/#\/schema\/logo\/image\/","url":"https:\/\/www.runnek.it\/shop\/wp-content\/uploads\/2020\/11\/logo-runnek.png","contentUrl":"https:\/\/www.runnek.it\/shop\/wp-content\/uploads\/2020\/11\/logo-runnek.png","width":680,"height":252,"caption":"Shop Runnek"},"image":{"@id":"https:\/\/www.runnek.it\/shop\/#\/schema\/logo\/image\/"},"sameAs":["https:\/\/www.facebook.com\/runnekitalia\/","https:\/\/x.com\/RunnekItalia","https:\/\/instagram.com\/runnek","https:\/\/www.youtube.com\/user\/magliarunningIT"]}]}},"_links":{"self":[{"href":"https:\/\/www.runnek.it\/shop\/wp-json\/wp\/v2\/product\/7074","targetHints":{"allow":["GET"]}}],"collection":[{"href":"https:\/\/www.runnek.it\/shop\/wp-json\/wp\/v2\/product"}],"about":[{"href":"https:\/\/www.runnek.it\/shop\/wp-json\/wp\/v2\/types\/product"}],"replies":[{"embeddable":true,"href":"https:\/\/www.runnek.it\/shop\/wp-json\/wp\/v2\/comments?post=7074"}],"wp:featuredmedia":[{"embeddable":true,"href":"https:\/\/www.runnek.it\/shop\/wp-json\/wp\/v2\/media\/7198"}],"wp:attachment":[{"href":"https:\/\/www.runnek.it\/shop\/wp-json\/wp\/v2\/media?parent=7074"}],"wp:term":[{"taxonomy":"product_brand","embeddable":true,"href":"https:\/\/www.runnek.it\/shop\/wp-json\/wp\/v2\/product_brand?post=7074"},{"taxonomy":"product_cat","embeddable":true,"href":"https:\/\/www.runnek.it\/shop\/wp-json\/wp\/v2\/product_cat?post=7074"},{"taxonomy":"product_tag","embeddable":true,"href":"https:\/\/www.runnek.it\/shop\/wp-json\/wp\/v2\/product_tag?post=7074"}],"curies":[{"name":"wp","href":"https:\/\/api.w.org\/{rel}","templated":true}]}}