{"id":4999,"date":"2024-06-05T23:45:36","date_gmt":"2024-06-05T21:45:36","guid":{"rendered":"https:\/\/www.runnek.it\/shop\/p\/senza-categoria\/maglia-runnek-grady-donna\/"},"modified":"2026-05-15T03:16:34","modified_gmt":"2026-05-15T01:16:34","slug":"maglia-runnek-grady-donna","status":"publish","type":"product","link":"https:\/\/www.runnek.it\/shop\/p\/abbigliamento-running-donna\/maglia-manica-corta-donna\/maglia-runnek-grady-donna\/","title":{"rendered":"Maglia runnek grady donna"},"content":{"rendered":"<p>Nuovo modello per donna realizzato con il tessuto pi\u00f9 TOP nella storia di Runnek: Elastec!<\/p>\n<p>Totale libert\u00e0 di movimento grazie alla sua elasticit\u00e0 e leggerezza. Sensazione extra comoda grazie alle cuciture piatte che prevengono gli sfregamenti e alla vestibilit\u00e0 perfetta per le competizioni. Le fibre del modello Grady tornano sempre al loro stato originale dopo ogni utilizzo, garantendo una lunga durata nel tempo.<\/p>\n<p>Colori:<\/p>\n<ul>\n<li>Rosso ROMA e Giallo PRO<\/li>\n<li>Cyan Pro e Navy<\/li>\n<li>Grigio perla e grigio antracite<\/li>\n<li>Navy e Rosso Roma<\/li>\n<li>Lime e Blu Indaco<\/li>\n<\/ul>\n<p>Runnek produce in base a standard di qualit\u00e0 e tecnologie esclusive:<br \/>\n<a href=\"https:\/\/www.runnek.it\/shop\/wp-content\/uploads\/2024\/06\/ita.jpg\"><img decoding=\"async\" class=\"alignnone size-full wp-image-2276\" style=\"width: 80%; padding: 0;\" title=\"Tecnologie\" src=\"https:\/\/www.runnek.it\/shop\/wp-content\/uploads\/2024\/06\/icon-elastec.jpg\" alt=\"tecnologie runnek\" \/><\/a><\/p>\n","protected":false},"excerpt":{"rendered":"<ul>\n<li><strong>SENTITI LIBERO<\/strong>: Il tessuto tecnico ultraleggero Elastec garantisce un&#8217;assoluta libert\u00e0 di movimento.<\/li>\n<li><strong>MASSIMA FRESCHEZZA<\/strong>: Elastec garantisce la massima freschezza nelle zone di maggiore accumulo di calore.<\/li>\n<li><strong>TRASPIRABILIT\u00c0 POTENTE<\/strong>: Elastec aumenta la traspirabilit\u00e0 e il rilascio del calore.<\/li>\n<li><strong>VESTIBILIT\u00c0 PERFETTA<\/strong>: La nostra tecnologia Skin4Run assicura una perfetta aderenza al corpo per migliorare le prestazioni.<\/li>\n<\/ul>\n","protected":false},"featured_media":5569,"comment_status":"open","ping_status":"closed","template":"","meta":{"_acf_changed":false},"product_brand":[],"product_cat":[41],"product_tag":[],"class_list":{"0":"post-4999","1":"product","2":"type-product","3":"status-publish","4":"has-post-thumbnail","6":"product_cat-maglia-manica-corta-donna","8":"first","9":"instock","10":"taxable","11":"shipping-taxable","12":"purchasable","13":"product-type-variable","14":"wvs-archive-product-wrapper"},"acf":[],"yoast_head":"<!-- This site is optimized with the Yoast SEO plugin v27.6 - https:\/\/yoast.com\/product\/yoast-seo-wordpress\/ -->\n<title>Maglia runnek grady donna - Shop Runnek<\/title>\n<meta name=\"robots\" content=\"index, follow, max-snippet:-1, max-image-preview:large, max-video-preview:-1\" \/>\n<link rel=\"canonical\" href=\"https:\/\/www.runnek.it\/shop\/p\/abbigliamento-running-donna\/maglia-manica-corta-donna\/maglia-runnek-grady-donna\/\" \/>\n<meta property=\"og:locale\" content=\"it_IT\" \/>\n<meta property=\"og:type\" content=\"article\" \/>\n<meta property=\"og:title\" content=\"Maglia runnek grady donna - Shop Runnek\" \/>\n<meta property=\"og:description\" content=\"SENTITI LIBERO: Il tessuto tecnico ultraleggero Elastec garantisce un&#039;assoluta libert\u00e0 di movimento.  MASSIMA FRESCHEZZA: Elastec garantisce la massima freschezza nelle zone di maggiore accumulo di calore.  TRASPIRABILIT\u00c0 POTENTE: Elastec aumenta la traspirabilit\u00e0 e il rilascio del calore.  VESTIBILIT\u00c0 PERFETTA: La nostra tecnologia Skin4Run assicura una perfetta aderenza al corpo per migliorare le prestazioni.\" \/>\n<meta property=\"og:url\" content=\"https:\/\/www.runnek.it\/shop\/p\/abbigliamento-running-donna\/maglia-manica-corta-donna\/maglia-runnek-grady-donna\/\" \/>\n<meta property=\"og:site_name\" content=\"Shop Runnek\" \/>\n<meta property=\"article:publisher\" content=\"https:\/\/www.facebook.com\/runnekitalia\/\" \/>\n<meta property=\"article:modified_time\" content=\"2026-05-15T01:16:34+00:00\" \/>\n<meta property=\"og:image\" content=\"https:\/\/www.runnek.it\/shop\/wp-content\/uploads\/2024\/06\/grady-woman-copia.webp\" \/>\n\t<meta property=\"og:image:width\" content=\"800\" \/>\n\t<meta property=\"og:image:height\" content=\"800\" \/>\n\t<meta property=\"og:image:type\" content=\"image\/webp\" \/>\n<meta name=\"twitter:card\" content=\"summary_large_image\" \/>\n<meta name=\"twitter:site\" content=\"@RunnekItalia\" \/>\n<meta name=\"twitter:label1\" content=\"Tempo di lettura stimato\" \/>\n\t<meta name=\"twitter:data1\" content=\"1 minuto\" \/>\n<script type=\"application\/ld+json\" class=\"yoast-schema-graph\">{\"@context\":\"https:\\\/\\\/schema.org\",\"@graph\":[{\"@type\":\"WebPage\",\"@id\":\"https:\\\/\\\/www.runnek.it\\\/shop\\\/p\\\/abbigliamento-running-donna\\\/maglia-manica-corta-donna\\\/maglia-runnek-grady-donna\\\/\",\"url\":\"https:\\\/\\\/www.runnek.it\\\/shop\\\/p\\\/abbigliamento-running-donna\\\/maglia-manica-corta-donna\\\/maglia-runnek-grady-donna\\\/\",\"name\":\"Maglia runnek grady donna - Shop Runnek\",\"isPartOf\":{\"@id\":\"https:\\\/\\\/www.runnek.it\\\/shop\\\/#website\"},\"primaryImageOfPage\":{\"@id\":\"https:\\\/\\\/www.runnek.it\\\/shop\\\/p\\\/abbigliamento-running-donna\\\/maglia-manica-corta-donna\\\/maglia-runnek-grady-donna\\\/#primaryimage\"},\"image\":{\"@id\":\"https:\\\/\\\/www.runnek.it\\\/shop\\\/p\\\/abbigliamento-running-donna\\\/maglia-manica-corta-donna\\\/maglia-runnek-grady-donna\\\/#primaryimage\"},\"thumbnailUrl\":\"https:\\\/\\\/www.runnek.it\\\/shop\\\/wp-content\\\/uploads\\\/2024\\\/06\\\/grady-woman-copia.webp\",\"datePublished\":\"2024-06-05T21:45:36+00:00\",\"dateModified\":\"2026-05-15T01:16:34+00:00\",\"breadcrumb\":{\"@id\":\"https:\\\/\\\/www.runnek.it\\\/shop\\\/p\\\/abbigliamento-running-donna\\\/maglia-manica-corta-donna\\\/maglia-runnek-grady-donna\\\/#breadcrumb\"},\"inLanguage\":\"it-IT\",\"potentialAction\":[{\"@type\":\"ReadAction\",\"target\":[\"https:\\\/\\\/www.runnek.it\\\/shop\\\/p\\\/abbigliamento-running-donna\\\/maglia-manica-corta-donna\\\/maglia-runnek-grady-donna\\\/\"]}]},{\"@type\":\"ImageObject\",\"inLanguage\":\"it-IT\",\"@id\":\"https:\\\/\\\/www.runnek.it\\\/shop\\\/p\\\/abbigliamento-running-donna\\\/maglia-manica-corta-donna\\\/maglia-runnek-grady-donna\\\/#primaryimage\",\"url\":\"https:\\\/\\\/www.runnek.it\\\/shop\\\/wp-content\\\/uploads\\\/2024\\\/06\\\/grady-woman-copia.webp\",\"contentUrl\":\"https:\\\/\\\/www.runnek.it\\\/shop\\\/wp-content\\\/uploads\\\/2024\\\/06\\\/grady-woman-copia.webp\",\"width\":800,\"height\":800,\"caption\":\"Grady Woman Copia\"},{\"@type\":\"BreadcrumbList\",\"@id\":\"https:\\\/\\\/www.runnek.it\\\/shop\\\/p\\\/abbigliamento-running-donna\\\/maglia-manica-corta-donna\\\/maglia-runnek-grady-donna\\\/#breadcrumb\",\"itemListElement\":[{\"@type\":\"ListItem\",\"position\":1,\"name\":\"Home\",\"item\":\"https:\\\/\\\/www.runnek.it\\\/shop\\\/\"},{\"@type\":\"ListItem\",\"position\":2,\"name\":\"Shop\",\"item\":\"https:\\\/\\\/www.runnek.it\\\/shop\\\/negozio\\\/\"},{\"@type\":\"ListItem\",\"position\":3,\"name\":\"Maglia runnek grady donna\"}]},{\"@type\":\"WebSite\",\"@id\":\"https:\\\/\\\/www.runnek.it\\\/shop\\\/#website\",\"url\":\"https:\\\/\\\/www.runnek.it\\\/shop\\\/\",\"name\":\"Shop Runnek\",\"description\":\"\",\"publisher\":{\"@id\":\"https:\\\/\\\/www.runnek.it\\\/shop\\\/#organization\"},\"potentialAction\":[{\"@type\":\"SearchAction\",\"target\":{\"@type\":\"EntryPoint\",\"urlTemplate\":\"https:\\\/\\\/www.runnek.it\\\/shop\\\/?s={search_term_string}\"},\"query-input\":{\"@type\":\"PropertyValueSpecification\",\"valueRequired\":true,\"valueName\":\"search_term_string\"}}],\"inLanguage\":\"it-IT\"},{\"@type\":\"Organization\",\"@id\":\"https:\\\/\\\/www.runnek.it\\\/shop\\\/#organization\",\"name\":\"Shop Runnek\",\"url\":\"https:\\\/\\\/www.runnek.it\\\/shop\\\/\",\"logo\":{\"@type\":\"ImageObject\",\"inLanguage\":\"it-IT\",\"@id\":\"https:\\\/\\\/www.runnek.it\\\/shop\\\/#\\\/schema\\\/logo\\\/image\\\/\",\"url\":\"https:\\\/\\\/www.runnek.it\\\/shop\\\/wp-content\\\/uploads\\\/2020\\\/11\\\/logo-runnek.png\",\"contentUrl\":\"https:\\\/\\\/www.runnek.it\\\/shop\\\/wp-content\\\/uploads\\\/2020\\\/11\\\/logo-runnek.png\",\"width\":680,\"height\":252,\"caption\":\"Shop Runnek\"},\"image\":{\"@id\":\"https:\\\/\\\/www.runnek.it\\\/shop\\\/#\\\/schema\\\/logo\\\/image\\\/\"},\"sameAs\":[\"https:\\\/\\\/www.facebook.com\\\/runnekitalia\\\/\",\"https:\\\/\\\/x.com\\\/RunnekItalia\",\"https:\\\/\\\/instagram.com\\\/runnek\",\"https:\\\/\\\/www.youtube.com\\\/user\\\/magliarunningIT\"]}]}<\/script>\n<!-- \/ Yoast SEO plugin. -->","yoast_head_json":{"title":"Maglia runnek grady donna - Shop Runnek","robots":{"index":"index","follow":"follow","max-snippet":"max-snippet:-1","max-image-preview":"max-image-preview:large","max-video-preview":"max-video-preview:-1"},"canonical":"https:\/\/www.runnek.it\/shop\/p\/abbigliamento-running-donna\/maglia-manica-corta-donna\/maglia-runnek-grady-donna\/","og_locale":"it_IT","og_type":"article","og_title":"Maglia runnek grady donna - Shop Runnek","og_description":"SENTITI LIBERO: Il tessuto tecnico ultraleggero Elastec garantisce un'assoluta libert\u00e0 di movimento.  MASSIMA FRESCHEZZA: Elastec garantisce la massima freschezza nelle zone di maggiore accumulo di calore.  TRASPIRABILIT\u00c0 POTENTE: Elastec aumenta la traspirabilit\u00e0 e il rilascio del calore.  VESTIBILIT\u00c0 PERFETTA: La nostra tecnologia Skin4Run assicura una perfetta aderenza al corpo per migliorare le prestazioni.","og_url":"https:\/\/www.runnek.it\/shop\/p\/abbigliamento-running-donna\/maglia-manica-corta-donna\/maglia-runnek-grady-donna\/","og_site_name":"Shop Runnek","article_publisher":"https:\/\/www.facebook.com\/runnekitalia\/","article_modified_time":"2026-05-15T01:16:34+00:00","og_image":[{"width":800,"height":800,"url":"https:\/\/www.runnek.it\/shop\/wp-content\/uploads\/2024\/06\/grady-woman-copia.webp","type":"image\/webp"}],"twitter_card":"summary_large_image","twitter_site":"@RunnekItalia","twitter_misc":{"Tempo di lettura stimato":"1 minuto"},"schema":{"@context":"https:\/\/schema.org","@graph":[{"@type":"WebPage","@id":"https:\/\/www.runnek.it\/shop\/p\/abbigliamento-running-donna\/maglia-manica-corta-donna\/maglia-runnek-grady-donna\/","url":"https:\/\/www.runnek.it\/shop\/p\/abbigliamento-running-donna\/maglia-manica-corta-donna\/maglia-runnek-grady-donna\/","name":"Maglia runnek grady donna - Shop Runnek","isPartOf":{"@id":"https:\/\/www.runnek.it\/shop\/#website"},"primaryImageOfPage":{"@id":"https:\/\/www.runnek.it\/shop\/p\/abbigliamento-running-donna\/maglia-manica-corta-donna\/maglia-runnek-grady-donna\/#primaryimage"},"image":{"@id":"https:\/\/www.runnek.it\/shop\/p\/abbigliamento-running-donna\/maglia-manica-corta-donna\/maglia-runnek-grady-donna\/#primaryimage"},"thumbnailUrl":"https:\/\/www.runnek.it\/shop\/wp-content\/uploads\/2024\/06\/grady-woman-copia.webp","datePublished":"2024-06-05T21:45:36+00:00","dateModified":"2026-05-15T01:16:34+00:00","breadcrumb":{"@id":"https:\/\/www.runnek.it\/shop\/p\/abbigliamento-running-donna\/maglia-manica-corta-donna\/maglia-runnek-grady-donna\/#breadcrumb"},"inLanguage":"it-IT","potentialAction":[{"@type":"ReadAction","target":["https:\/\/www.runnek.it\/shop\/p\/abbigliamento-running-donna\/maglia-manica-corta-donna\/maglia-runnek-grady-donna\/"]}]},{"@type":"ImageObject","inLanguage":"it-IT","@id":"https:\/\/www.runnek.it\/shop\/p\/abbigliamento-running-donna\/maglia-manica-corta-donna\/maglia-runnek-grady-donna\/#primaryimage","url":"https:\/\/www.runnek.it\/shop\/wp-content\/uploads\/2024\/06\/grady-woman-copia.webp","contentUrl":"https:\/\/www.runnek.it\/shop\/wp-content\/uploads\/2024\/06\/grady-woman-copia.webp","width":800,"height":800,"caption":"Grady Woman Copia"},{"@type":"BreadcrumbList","@id":"https:\/\/www.runnek.it\/shop\/p\/abbigliamento-running-donna\/maglia-manica-corta-donna\/maglia-runnek-grady-donna\/#breadcrumb","itemListElement":[{"@type":"ListItem","position":1,"name":"Home","item":"https:\/\/www.runnek.it\/shop\/"},{"@type":"ListItem","position":2,"name":"Shop","item":"https:\/\/www.runnek.it\/shop\/negozio\/"},{"@type":"ListItem","position":3,"name":"Maglia runnek grady donna"}]},{"@type":"WebSite","@id":"https:\/\/www.runnek.it\/shop\/#website","url":"https:\/\/www.runnek.it\/shop\/","name":"Shop Runnek","description":"","publisher":{"@id":"https:\/\/www.runnek.it\/shop\/#organization"},"potentialAction":[{"@type":"SearchAction","target":{"@type":"EntryPoint","urlTemplate":"https:\/\/www.runnek.it\/shop\/?s={search_term_string}"},"query-input":{"@type":"PropertyValueSpecification","valueRequired":true,"valueName":"search_term_string"}}],"inLanguage":"it-IT"},{"@type":"Organization","@id":"https:\/\/www.runnek.it\/shop\/#organization","name":"Shop Runnek","url":"https:\/\/www.runnek.it\/shop\/","logo":{"@type":"ImageObject","inLanguage":"it-IT","@id":"https:\/\/www.runnek.it\/shop\/#\/schema\/logo\/image\/","url":"https:\/\/www.runnek.it\/shop\/wp-content\/uploads\/2020\/11\/logo-runnek.png","contentUrl":"https:\/\/www.runnek.it\/shop\/wp-content\/uploads\/2020\/11\/logo-runnek.png","width":680,"height":252,"caption":"Shop Runnek"},"image":{"@id":"https:\/\/www.runnek.it\/shop\/#\/schema\/logo\/image\/"},"sameAs":["https:\/\/www.facebook.com\/runnekitalia\/","https:\/\/x.com\/RunnekItalia","https:\/\/instagram.com\/runnek","https:\/\/www.youtube.com\/user\/magliarunningIT"]}]}},"_links":{"self":[{"href":"https:\/\/www.runnek.it\/shop\/wp-json\/wp\/v2\/product\/4999","targetHints":{"allow":["GET"]}}],"collection":[{"href":"https:\/\/www.runnek.it\/shop\/wp-json\/wp\/v2\/product"}],"about":[{"href":"https:\/\/www.runnek.it\/shop\/wp-json\/wp\/v2\/types\/product"}],"replies":[{"embeddable":true,"href":"https:\/\/www.runnek.it\/shop\/wp-json\/wp\/v2\/comments?post=4999"}],"wp:featuredmedia":[{"embeddable":true,"href":"https:\/\/www.runnek.it\/shop\/wp-json\/wp\/v2\/media\/5569"}],"wp:attachment":[{"href":"https:\/\/www.runnek.it\/shop\/wp-json\/wp\/v2\/media?parent=4999"}],"wp:term":[{"taxonomy":"product_brand","embeddable":true,"href":"https:\/\/www.runnek.it\/shop\/wp-json\/wp\/v2\/product_brand?post=4999"},{"taxonomy":"product_cat","embeddable":true,"href":"https:\/\/www.runnek.it\/shop\/wp-json\/wp\/v2\/product_cat?post=4999"},{"taxonomy":"product_tag","embeddable":true,"href":"https:\/\/www.runnek.it\/shop\/wp-json\/wp\/v2\/product_tag?post=4999"}],"curies":[{"name":"wp","href":"https:\/\/api.w.org\/{rel}","templated":true}]}}