{"id":455,"date":"2021-02-12T11:35:10","date_gmt":"2021-02-12T10:35:10","guid":{"rendered":"https:\/\/www.runnek.it\/shop\/?post_type=product&#038;p=455"},"modified":"2026-04-18T12:35:21","modified_gmt":"2026-04-18T10:35:21","slug":"ethilo","status":"publish","type":"product","link":"https:\/\/www.runnek.it\/shop\/p\/abbigliamento-running-uomo\/maglia-manica-lunga\/ethilo\/","title":{"rendered":"Maglia tecnica runnek ethilo m\/l"},"content":{"rendered":"<p>La maglia Runnek Ethilo diventa il tuo migliore alleato quando il clima esterno lo richiede. Una maglia perfetta da abbinare per la stagione pi\u00f9 fredda o da utilizzare da sola con temperature pi\u00f9 miti, grazie alla combinazione di tessuti morbidi e traspiranti con cui \u00e8 fabbricata.<\/p>\n<div class=\"avia-gallery\"><a href=\"https:\/\/www.runnek.it\/wp-content\/uploads\/tecnologia\/tecnologie-runnek.jpg\"><img decoding=\"async\" title=\"Tecnologie\" class=\"alignnone size-full wp-image-2276\" style=\"width: 80%;padding: 0\" src=\"https:\/\/www.runnek.it\/wp-content\/uploads\/tecnologia\/tecnologie.jpg\" alt=\"tecnologie runnek\" \/><\/a><\/div>\n","protected":false},"excerpt":{"rendered":"<ul>\n<li>Tessuto 100% Poliestere con tecnologia DrySens Winter, ultra morbido e caldo<\/li>\n<li>Tessuto Microtech sulle spalle e sui laterali ad alta traspirabilit\u00e1 e asciugatura rapida<\/li>\n<li>Perfetta vestibilit\u00e1 grazie alla nostra tecnologia Skin4Run<\/li>\n<li>Colore delle maniche e delle spalle a contrasto<\/li>\n<li>Cuciture piatte per evitare sfregature<\/li>\n<li>Dettaglio logo Runnek in transfer digitale<\/li>\n<li>Utilizzo della Tecnologia FixColor per mantenere inalterato il colore della maglia dopo il lavaggio<\/li>\n<\/ul>\n","protected":false},"featured_media":463,"comment_status":"open","ping_status":"closed","template":"","meta":{"_acf_changed":false},"product_brand":[],"product_cat":[32],"product_tag":[],"class_list":{"0":"post-455","1":"product","2":"type-product","3":"status-publish","4":"has-post-thumbnail","6":"product_cat-maglia-manica-lunga","8":"first","9":"instock","10":"taxable","11":"shipping-taxable","12":"purchasable","13":"product-type-variable","14":"wvs-archive-product-wrapper"},"acf":[],"yoast_head":"<!-- This site is optimized with the Yoast SEO plugin v27.3 - https:\/\/yoast.com\/product\/yoast-seo-wordpress\/ -->\n<title>Maglietta da Running Uomo, Modello Ethilo | Runnek.it<\/title>\n<meta name=\"description\" content=\"Acquista online la maglietta da running uomo, perfetta da abbinare per la stagione pi\u00f9 fredda o da utilizzare da sola con temperature pi\u00f9 miti.\" \/>\n<meta name=\"robots\" content=\"index, follow, max-snippet:-1, max-image-preview:large, max-video-preview:-1\" \/>\n<link rel=\"canonical\" href=\"https:\/\/www.runnek.it\/shop\/p\/abbigliamento-running-uomo\/maglia-manica-lunga\/ethilo\/\" \/>\n<meta property=\"og:locale\" content=\"it_IT\" \/>\n<meta property=\"og:type\" content=\"article\" \/>\n<meta property=\"og:title\" content=\"Maglietta da Running Uomo, Modello Ethilo | Runnek.it\" \/>\n<meta property=\"og:description\" content=\"Acquista online la maglietta da running uomo, perfetta da abbinare per la stagione pi\u00f9 fredda o da utilizzare da sola con temperature pi\u00f9 miti.\" \/>\n<meta property=\"og:url\" content=\"https:\/\/www.runnek.it\/shop\/p\/abbigliamento-running-uomo\/maglia-manica-lunga\/ethilo\/\" \/>\n<meta property=\"og:site_name\" content=\"Shop Runnek\" \/>\n<meta property=\"article:publisher\" content=\"https:\/\/www.facebook.com\/runnekitalia\/\" \/>\n<meta property=\"article:modified_time\" content=\"2026-04-18T10:35:21+00:00\" \/>\n<meta property=\"og:image\" content=\"https:\/\/www.runnek.it\/shop\/wp-content\/uploads\/2021\/02\/runnek-ethilo-giallo-fluo-grigio.jpg\" \/>\n\t<meta property=\"og:image:width\" content=\"800\" \/>\n\t<meta property=\"og:image:height\" content=\"800\" \/>\n\t<meta property=\"og:image:type\" content=\"image\/jpeg\" \/>\n<meta name=\"twitter:card\" content=\"summary_large_image\" \/>\n<meta name=\"twitter:site\" content=\"@RunnekItalia\" \/>\n<meta name=\"twitter:label1\" content=\"Tempo di lettura stimato\" \/>\n\t<meta name=\"twitter:data1\" content=\"1 minuto\" \/>\n<script type=\"application\/ld+json\" class=\"yoast-schema-graph\">{\"@context\":\"https:\\\/\\\/schema.org\",\"@graph\":[{\"@type\":\"WebPage\",\"@id\":\"https:\\\/\\\/www.runnek.it\\\/shop\\\/p\\\/abbigliamento-running-uomo\\\/maglia-manica-lunga\\\/ethilo\\\/\",\"url\":\"https:\\\/\\\/www.runnek.it\\\/shop\\\/p\\\/abbigliamento-running-uomo\\\/maglia-manica-lunga\\\/ethilo\\\/\",\"name\":\"Maglietta da Running Uomo, Modello Ethilo | Runnek.it\",\"isPartOf\":{\"@id\":\"https:\\\/\\\/www.runnek.it\\\/shop\\\/#website\"},\"primaryImageOfPage\":{\"@id\":\"https:\\\/\\\/www.runnek.it\\\/shop\\\/p\\\/abbigliamento-running-uomo\\\/maglia-manica-lunga\\\/ethilo\\\/#primaryimage\"},\"image\":{\"@id\":\"https:\\\/\\\/www.runnek.it\\\/shop\\\/p\\\/abbigliamento-running-uomo\\\/maglia-manica-lunga\\\/ethilo\\\/#primaryimage\"},\"thumbnailUrl\":\"https:\\\/\\\/www.runnek.it\\\/shop\\\/wp-content\\\/uploads\\\/2021\\\/02\\\/runnek-ethilo-giallo-fluo-grigio.jpg\",\"datePublished\":\"2021-02-12T10:35:10+00:00\",\"dateModified\":\"2026-04-18T10:35:21+00:00\",\"description\":\"Acquista online la maglietta da running uomo, perfetta da abbinare per la stagione pi\u00f9 fredda o da utilizzare da sola con temperature pi\u00f9 miti.\",\"breadcrumb\":{\"@id\":\"https:\\\/\\\/www.runnek.it\\\/shop\\\/p\\\/abbigliamento-running-uomo\\\/maglia-manica-lunga\\\/ethilo\\\/#breadcrumb\"},\"inLanguage\":\"it-IT\",\"potentialAction\":[{\"@type\":\"ReadAction\",\"target\":[\"https:\\\/\\\/www.runnek.it\\\/shop\\\/p\\\/abbigliamento-running-uomo\\\/maglia-manica-lunga\\\/ethilo\\\/\"]}]},{\"@type\":\"ImageObject\",\"inLanguage\":\"it-IT\",\"@id\":\"https:\\\/\\\/www.runnek.it\\\/shop\\\/p\\\/abbigliamento-running-uomo\\\/maglia-manica-lunga\\\/ethilo\\\/#primaryimage\",\"url\":\"https:\\\/\\\/www.runnek.it\\\/shop\\\/wp-content\\\/uploads\\\/2021\\\/02\\\/runnek-ethilo-giallo-fluo-grigio.jpg\",\"contentUrl\":\"https:\\\/\\\/www.runnek.it\\\/shop\\\/wp-content\\\/uploads\\\/2021\\\/02\\\/runnek-ethilo-giallo-fluo-grigio.jpg\",\"width\":800,\"height\":800,\"caption\":\"Maglia maniche lunghe Ethilo\u00a0giallo grigio uomo\"},{\"@type\":\"BreadcrumbList\",\"@id\":\"https:\\\/\\\/www.runnek.it\\\/shop\\\/p\\\/abbigliamento-running-uomo\\\/maglia-manica-lunga\\\/ethilo\\\/#breadcrumb\",\"itemListElement\":[{\"@type\":\"ListItem\",\"position\":1,\"name\":\"Home\",\"item\":\"https:\\\/\\\/www.runnek.it\\\/shop\\\/\"},{\"@type\":\"ListItem\",\"position\":2,\"name\":\"Shop\",\"item\":\"https:\\\/\\\/www.runnek.it\\\/shop\\\/negozio\\\/\"},{\"@type\":\"ListItem\",\"position\":3,\"name\":\"Maglia tecnica runnek ethilo m\\\/l\"}]},{\"@type\":\"WebSite\",\"@id\":\"https:\\\/\\\/www.runnek.it\\\/shop\\\/#website\",\"url\":\"https:\\\/\\\/www.runnek.it\\\/shop\\\/\",\"name\":\"Shop Runnek\",\"description\":\"\",\"publisher\":{\"@id\":\"https:\\\/\\\/www.runnek.it\\\/shop\\\/#organization\"},\"potentialAction\":[{\"@type\":\"SearchAction\",\"target\":{\"@type\":\"EntryPoint\",\"urlTemplate\":\"https:\\\/\\\/www.runnek.it\\\/shop\\\/?s={search_term_string}\"},\"query-input\":{\"@type\":\"PropertyValueSpecification\",\"valueRequired\":true,\"valueName\":\"search_term_string\"}}],\"inLanguage\":\"it-IT\"},{\"@type\":\"Organization\",\"@id\":\"https:\\\/\\\/www.runnek.it\\\/shop\\\/#organization\",\"name\":\"Shop Runnek\",\"url\":\"https:\\\/\\\/www.runnek.it\\\/shop\\\/\",\"logo\":{\"@type\":\"ImageObject\",\"inLanguage\":\"it-IT\",\"@id\":\"https:\\\/\\\/www.runnek.it\\\/shop\\\/#\\\/schema\\\/logo\\\/image\\\/\",\"url\":\"https:\\\/\\\/www.runnek.it\\\/shop\\\/wp-content\\\/uploads\\\/2020\\\/11\\\/logo-runnek.png\",\"contentUrl\":\"https:\\\/\\\/www.runnek.it\\\/shop\\\/wp-content\\\/uploads\\\/2020\\\/11\\\/logo-runnek.png\",\"width\":680,\"height\":252,\"caption\":\"Shop Runnek\"},\"image\":{\"@id\":\"https:\\\/\\\/www.runnek.it\\\/shop\\\/#\\\/schema\\\/logo\\\/image\\\/\"},\"sameAs\":[\"https:\\\/\\\/www.facebook.com\\\/runnekitalia\\\/\",\"https:\\\/\\\/x.com\\\/RunnekItalia\",\"https:\\\/\\\/instagram.com\\\/runnek\",\"https:\\\/\\\/www.youtube.com\\\/user\\\/magliarunningIT\"]}]}<\/script>\n<!-- \/ Yoast SEO plugin. -->","yoast_head_json":{"title":"Maglietta da Running Uomo, Modello Ethilo | Runnek.it","description":"Acquista online la maglietta da running uomo, perfetta da abbinare per la stagione pi\u00f9 fredda o da utilizzare da sola con temperature pi\u00f9 miti.","robots":{"index":"index","follow":"follow","max-snippet":"max-snippet:-1","max-image-preview":"max-image-preview:large","max-video-preview":"max-video-preview:-1"},"canonical":"https:\/\/www.runnek.it\/shop\/p\/abbigliamento-running-uomo\/maglia-manica-lunga\/ethilo\/","og_locale":"it_IT","og_type":"article","og_title":"Maglietta da Running Uomo, Modello Ethilo | Runnek.it","og_description":"Acquista online la maglietta da running uomo, perfetta da abbinare per la stagione pi\u00f9 fredda o da utilizzare da sola con temperature pi\u00f9 miti.","og_url":"https:\/\/www.runnek.it\/shop\/p\/abbigliamento-running-uomo\/maglia-manica-lunga\/ethilo\/","og_site_name":"Shop Runnek","article_publisher":"https:\/\/www.facebook.com\/runnekitalia\/","article_modified_time":"2026-04-18T10:35:21+00:00","og_image":[{"width":800,"height":800,"url":"https:\/\/www.runnek.it\/shop\/wp-content\/uploads\/2021\/02\/runnek-ethilo-giallo-fluo-grigio.jpg","type":"image\/jpeg"}],"twitter_card":"summary_large_image","twitter_site":"@RunnekItalia","twitter_misc":{"Tempo di lettura stimato":"1 minuto"},"schema":{"@context":"https:\/\/schema.org","@graph":[{"@type":"WebPage","@id":"https:\/\/www.runnek.it\/shop\/p\/abbigliamento-running-uomo\/maglia-manica-lunga\/ethilo\/","url":"https:\/\/www.runnek.it\/shop\/p\/abbigliamento-running-uomo\/maglia-manica-lunga\/ethilo\/","name":"Maglietta da Running Uomo, Modello Ethilo | Runnek.it","isPartOf":{"@id":"https:\/\/www.runnek.it\/shop\/#website"},"primaryImageOfPage":{"@id":"https:\/\/www.runnek.it\/shop\/p\/abbigliamento-running-uomo\/maglia-manica-lunga\/ethilo\/#primaryimage"},"image":{"@id":"https:\/\/www.runnek.it\/shop\/p\/abbigliamento-running-uomo\/maglia-manica-lunga\/ethilo\/#primaryimage"},"thumbnailUrl":"https:\/\/www.runnek.it\/shop\/wp-content\/uploads\/2021\/02\/runnek-ethilo-giallo-fluo-grigio.jpg","datePublished":"2021-02-12T10:35:10+00:00","dateModified":"2026-04-18T10:35:21+00:00","description":"Acquista online la maglietta da running uomo, perfetta da abbinare per la stagione pi\u00f9 fredda o da utilizzare da sola con temperature pi\u00f9 miti.","breadcrumb":{"@id":"https:\/\/www.runnek.it\/shop\/p\/abbigliamento-running-uomo\/maglia-manica-lunga\/ethilo\/#breadcrumb"},"inLanguage":"it-IT","potentialAction":[{"@type":"ReadAction","target":["https:\/\/www.runnek.it\/shop\/p\/abbigliamento-running-uomo\/maglia-manica-lunga\/ethilo\/"]}]},{"@type":"ImageObject","inLanguage":"it-IT","@id":"https:\/\/www.runnek.it\/shop\/p\/abbigliamento-running-uomo\/maglia-manica-lunga\/ethilo\/#primaryimage","url":"https:\/\/www.runnek.it\/shop\/wp-content\/uploads\/2021\/02\/runnek-ethilo-giallo-fluo-grigio.jpg","contentUrl":"https:\/\/www.runnek.it\/shop\/wp-content\/uploads\/2021\/02\/runnek-ethilo-giallo-fluo-grigio.jpg","width":800,"height":800,"caption":"Maglia maniche lunghe Ethilo\u00a0giallo grigio uomo"},{"@type":"BreadcrumbList","@id":"https:\/\/www.runnek.it\/shop\/p\/abbigliamento-running-uomo\/maglia-manica-lunga\/ethilo\/#breadcrumb","itemListElement":[{"@type":"ListItem","position":1,"name":"Home","item":"https:\/\/www.runnek.it\/shop\/"},{"@type":"ListItem","position":2,"name":"Shop","item":"https:\/\/www.runnek.it\/shop\/negozio\/"},{"@type":"ListItem","position":3,"name":"Maglia tecnica runnek ethilo m\/l"}]},{"@type":"WebSite","@id":"https:\/\/www.runnek.it\/shop\/#website","url":"https:\/\/www.runnek.it\/shop\/","name":"Shop Runnek","description":"","publisher":{"@id":"https:\/\/www.runnek.it\/shop\/#organization"},"potentialAction":[{"@type":"SearchAction","target":{"@type":"EntryPoint","urlTemplate":"https:\/\/www.runnek.it\/shop\/?s={search_term_string}"},"query-input":{"@type":"PropertyValueSpecification","valueRequired":true,"valueName":"search_term_string"}}],"inLanguage":"it-IT"},{"@type":"Organization","@id":"https:\/\/www.runnek.it\/shop\/#organization","name":"Shop Runnek","url":"https:\/\/www.runnek.it\/shop\/","logo":{"@type":"ImageObject","inLanguage":"it-IT","@id":"https:\/\/www.runnek.it\/shop\/#\/schema\/logo\/image\/","url":"https:\/\/www.runnek.it\/shop\/wp-content\/uploads\/2020\/11\/logo-runnek.png","contentUrl":"https:\/\/www.runnek.it\/shop\/wp-content\/uploads\/2020\/11\/logo-runnek.png","width":680,"height":252,"caption":"Shop Runnek"},"image":{"@id":"https:\/\/www.runnek.it\/shop\/#\/schema\/logo\/image\/"},"sameAs":["https:\/\/www.facebook.com\/runnekitalia\/","https:\/\/x.com\/RunnekItalia","https:\/\/instagram.com\/runnek","https:\/\/www.youtube.com\/user\/magliarunningIT"]}]}},"_links":{"self":[{"href":"https:\/\/www.runnek.it\/shop\/wp-json\/wp\/v2\/product\/455","targetHints":{"allow":["GET"]}}],"collection":[{"href":"https:\/\/www.runnek.it\/shop\/wp-json\/wp\/v2\/product"}],"about":[{"href":"https:\/\/www.runnek.it\/shop\/wp-json\/wp\/v2\/types\/product"}],"replies":[{"embeddable":true,"href":"https:\/\/www.runnek.it\/shop\/wp-json\/wp\/v2\/comments?post=455"}],"wp:featuredmedia":[{"embeddable":true,"href":"https:\/\/www.runnek.it\/shop\/wp-json\/wp\/v2\/media\/463"}],"wp:attachment":[{"href":"https:\/\/www.runnek.it\/shop\/wp-json\/wp\/v2\/media?parent=455"}],"wp:term":[{"taxonomy":"product_brand","embeddable":true,"href":"https:\/\/www.runnek.it\/shop\/wp-json\/wp\/v2\/product_brand?post=455"},{"taxonomy":"product_cat","embeddable":true,"href":"https:\/\/www.runnek.it\/shop\/wp-json\/wp\/v2\/product_cat?post=455"},{"taxonomy":"product_tag","embeddable":true,"href":"https:\/\/www.runnek.it\/shop\/wp-json\/wp\/v2\/product_tag?post=455"}],"curies":[{"name":"wp","href":"https:\/\/api.w.org\/{rel}","templated":true}]}}